{"id":2090,"date":"2017-03-10T20:03:04","date_gmt":"2017-03-10T20:03:04","guid":{"rendered":"http:\/\/nordestealarme.pt\/?page_id=2090"},"modified":"2017-03-11T12:03:24","modified_gmt":"2017-03-11T12:03:24","slug":"pedido-de-informacoes-sinalizacao-de-perigo","status":"publish","type":"page","link":"https:\/\/nordestealarme.pt\/?page_id=2090","title":{"rendered":"Pedido de Informa\u00e7\u00f5es &#8211; Sinaliza\u00e7\u00e3o &#8211; Perigo"},"content":{"rendered":"<h4>Para mais informa\u00e7\u00f5es sobre a nossa vasta gama de produtos de sinaliza\u00e7\u00e3o por favor preencha o seguinte formul\u00e1rio.<\/h4>\n<p>&nbsp;<br \/>\n&nbsp;<\/p>\n<div class=\"cognito\">\n<script src=\"https:\/\/services.cognitoforms.com\/s\/qht94DcjKUafZgZ1FPIIYQ\"><\/script><br \/>\n<script>Cognito.load(\"forms\", { id: \"1\" , entry: { \"Familia\": \"Perigo\"}});<\/script>\n<\/div>\n","protected":false},"excerpt":{"rendered":"<p>Para mais informa\u00e7\u00f5es sobre a nossa vasta gama de produtos de sinaliza\u00e7\u00e3o por favor preencha o seguinte formul\u00e1rio. &nbsp; &nbsp;<\/p>\n","protected":false},"author":1,"featured_media":0,"parent":1561,"menu_order":0,"comment_status":"closed","ping_status":"closed","template":"","meta":[],"yoast_head":"<!-- This site is optimized with the Yoast SEO plugin v17.4 - https:\/\/yoast.com\/wordpress\/plugins\/seo\/ -->\n<meta name=\"robots\" content=\"index, follow, max-snippet:-1, max-image-preview:large, max-video-preview:-1\" \/>\n<link rel=\"canonical\" href=\"https:\/\/nordestealarme.pt\/?page_id=2090\" \/>\n<meta property=\"og:locale\" content=\"pt_PT\" \/>\n<meta property=\"og:type\" content=\"article\" \/>\n<meta property=\"og:title\" content=\"Pedido de Informa\u00e7\u00f5es - Sinaliza\u00e7\u00e3o - Perigo - NordesteAlarme\" \/>\n<meta property=\"og:description\" content=\"Para mais informa\u00e7\u00f5es sobre a nossa vasta gama de produtos de sinaliza\u00e7\u00e3o por favor preencha o seguinte formul\u00e1rio. &nbsp; &nbsp;\" \/>\n<meta property=\"og:url\" content=\"https:\/\/nordestealarme.pt\/?page_id=2090\" \/>\n<meta property=\"og:site_name\" content=\"NordesteAlarme\" \/>\n<meta property=\"article:publisher\" content=\"https:\/\/www.facebook.com\/Nordeste-Alarme-346666698692284\/?fref=ts\" \/>\n<meta property=\"article:modified_time\" content=\"2017-03-11T12:03:24+00:00\" \/>\n<meta name=\"twitter:card\" content=\"summary\" \/>\n<script type=\"application\/ld+json\" class=\"yoast-schema-graph\">{\"@context\":\"https:\/\/schema.org\",\"@graph\":[{\"@type\":\"Organization\",\"@id\":\"https:\/\/nordestealarme.pt\/#organization\",\"name\":\"Nordeste Alarme - Servi\\u00e7os de Tecnologia de Seguran\\u00e7a, Lda\",\"url\":\"https:\/\/nordestealarme.pt\/\",\"sameAs\":[\"https:\/\/www.facebook.com\/Nordeste-Alarme-346666698692284\/?fref=ts\"],\"logo\":{\"@type\":\"ImageObject\",\"@id\":\"https:\/\/nordestealarme.pt\/#logo\",\"inLanguage\":\"pt-PT\",\"url\":\"https:\/\/nordestealarme.pt\/wp-content\/uploads\/2017\/02\/logonomargin.png\",\"contentUrl\":\"https:\/\/nordestealarme.pt\/wp-content\/uploads\/2017\/02\/logonomargin.png\",\"width\":206,\"height\":49,\"caption\":\"Nordeste Alarme - Servi\\u00e7os de Tecnologia de Seguran\\u00e7a, Lda\"},\"image\":{\"@id\":\"https:\/\/nordestealarme.pt\/#logo\"}},{\"@type\":\"WebSite\",\"@id\":\"https:\/\/nordestealarme.pt\/#website\",\"url\":\"https:\/\/nordestealarme.pt\/\",\"name\":\"NordesteAlarme\",\"description\":\"Servi\\u00e7os de Tecnologia e Seguran\\u00e7a\",\"publisher\":{\"@id\":\"https:\/\/nordestealarme.pt\/#organization\"},\"potentialAction\":[{\"@type\":\"SearchAction\",\"target\":{\"@type\":\"EntryPoint\",\"urlTemplate\":\"https:\/\/nordestealarme.pt\/?s={search_term_string}\"},\"query-input\":\"required name=search_term_string\"}],\"inLanguage\":\"pt-PT\"},{\"@type\":\"WebPage\",\"@id\":\"https:\/\/nordestealarme.pt\/?page_id=2090#webpage\",\"url\":\"https:\/\/nordestealarme.pt\/?page_id=2090\",\"name\":\"Pedido de Informa\\u00e7\\u00f5es - Sinaliza\\u00e7\\u00e3o - Perigo - NordesteAlarme\",\"isPartOf\":{\"@id\":\"https:\/\/nordestealarme.pt\/#website\"},\"datePublished\":\"2017-03-10T20:03:04+00:00\",\"dateModified\":\"2017-03-11T12:03:24+00:00\",\"breadcrumb\":{\"@id\":\"https:\/\/nordestealarme.pt\/?page_id=2090#breadcrumb\"},\"inLanguage\":\"pt-PT\",\"potentialAction\":[{\"@type\":\"ReadAction\",\"target\":[\"https:\/\/nordestealarme.pt\/?page_id=2090\"]}]},{\"@type\":\"BreadcrumbList\",\"@id\":\"https:\/\/nordestealarme.pt\/?page_id=2090#breadcrumb\",\"itemListElement\":[{\"@type\":\"ListItem\",\"position\":1,\"name\":\"In\\u00edcio\",\"item\":\"https:\/\/nordestealarme.pt\/\"},{\"@type\":\"ListItem\",\"position\":2,\"name\":\"Servi\\u00e7os\",\"item\":\"https:\/\/nordestealarme.pt\/?page_id=198\"},{\"@type\":\"ListItem\",\"position\":3,\"name\":\"Sinaliza\\u00e7\\u00e3o\",\"item\":\"https:\/\/nordestealarme.pt\/?page_id=1561\"},{\"@type\":\"ListItem\",\"position\":4,\"name\":\"Pedido de Informa\\u00e7\\u00f5es &#8211; Sinaliza\\u00e7\\u00e3o &#8211; Perigo\"}]}]}<\/script>\n<!-- \/ Yoast SEO plugin. -->","yoast_head_json":{"robots":{"index":"index","follow":"follow","max-snippet":"max-snippet:-1","max-image-preview":"max-image-preview:large","max-video-preview":"max-video-preview:-1"},"canonical":"https:\/\/nordestealarme.pt\/?page_id=2090","og_locale":"pt_PT","og_type":"article","og_title":"Pedido de Informa\u00e7\u00f5es - Sinaliza\u00e7\u00e3o - Perigo - NordesteAlarme","og_description":"Para mais informa\u00e7\u00f5es sobre a nossa vasta gama de produtos de sinaliza\u00e7\u00e3o por favor preencha o seguinte formul\u00e1rio. &nbsp; &nbsp;","og_url":"https:\/\/nordestealarme.pt\/?page_id=2090","og_site_name":"NordesteAlarme","article_publisher":"https:\/\/www.facebook.com\/Nordeste-Alarme-346666698692284\/?fref=ts","article_modified_time":"2017-03-11T12:03:24+00:00","twitter_card":"summary","schema":{"@context":"https:\/\/schema.org","@graph":[{"@type":"Organization","@id":"https:\/\/nordestealarme.pt\/#organization","name":"Nordeste Alarme - Servi\u00e7os de Tecnologia de Seguran\u00e7a, Lda","url":"https:\/\/nordestealarme.pt\/","sameAs":["https:\/\/www.facebook.com\/Nordeste-Alarme-346666698692284\/?fref=ts"],"logo":{"@type":"ImageObject","@id":"https:\/\/nordestealarme.pt\/#logo","inLanguage":"pt-PT","url":"https:\/\/nordestealarme.pt\/wp-content\/uploads\/2017\/02\/logonomargin.png","contentUrl":"https:\/\/nordestealarme.pt\/wp-content\/uploads\/2017\/02\/logonomargin.png","width":206,"height":49,"caption":"Nordeste Alarme - Servi\u00e7os de Tecnologia de Seguran\u00e7a, Lda"},"image":{"@id":"https:\/\/nordestealarme.pt\/#logo"}},{"@type":"WebSite","@id":"https:\/\/nordestealarme.pt\/#website","url":"https:\/\/nordestealarme.pt\/","name":"NordesteAlarme","description":"Servi\u00e7os de Tecnologia e Seguran\u00e7a","publisher":{"@id":"https:\/\/nordestealarme.pt\/#organization"},"potentialAction":[{"@type":"SearchAction","target":{"@type":"EntryPoint","urlTemplate":"https:\/\/nordestealarme.pt\/?s={search_term_string}"},"query-input":"required name=search_term_string"}],"inLanguage":"pt-PT"},{"@type":"WebPage","@id":"https:\/\/nordestealarme.pt\/?page_id=2090#webpage","url":"https:\/\/nordestealarme.pt\/?page_id=2090","name":"Pedido de Informa\u00e7\u00f5es - Sinaliza\u00e7\u00e3o - Perigo - NordesteAlarme","isPartOf":{"@id":"https:\/\/nordestealarme.pt\/#website"},"datePublished":"2017-03-10T20:03:04+00:00","dateModified":"2017-03-11T12:03:24+00:00","breadcrumb":{"@id":"https:\/\/nordestealarme.pt\/?page_id=2090#breadcrumb"},"inLanguage":"pt-PT","potentialAction":[{"@type":"ReadAction","target":["https:\/\/nordestealarme.pt\/?page_id=2090"]}]},{"@type":"BreadcrumbList","@id":"https:\/\/nordestealarme.pt\/?page_id=2090#breadcrumb","itemListElement":[{"@type":"ListItem","position":1,"name":"In\u00edcio","item":"https:\/\/nordestealarme.pt\/"},{"@type":"ListItem","position":2,"name":"Servi\u00e7os","item":"https:\/\/nordestealarme.pt\/?page_id=198"},{"@type":"ListItem","position":3,"name":"Sinaliza\u00e7\u00e3o","item":"https:\/\/nordestealarme.pt\/?page_id=1561"},{"@type":"ListItem","position":4,"name":"Pedido de Informa\u00e7\u00f5es &#8211; Sinaliza\u00e7\u00e3o &#8211; Perigo"}]}]}},"_links":{"self":[{"href":"https:\/\/nordestealarme.pt\/index.php?rest_route=\/wp\/v2\/pages\/2090"}],"collection":[{"href":"https:\/\/nordestealarme.pt\/index.php?rest_route=\/wp\/v2\/pages"}],"about":[{"href":"https:\/\/nordestealarme.pt\/index.php?rest_route=\/wp\/v2\/types\/page"}],"author":[{"embeddable":true,"href":"https:\/\/nordestealarme.pt\/index.php?rest_route=\/wp\/v2\/users\/1"}],"replies":[{"embeddable":true,"href":"https:\/\/nordestealarme.pt\/index.php?rest_route=%2Fwp%2Fv2%2Fcomments&post=2090"}],"version-history":[{"count":2,"href":"https:\/\/nordestealarme.pt\/index.php?rest_route=\/wp\/v2\/pages\/2090\/revisions"}],"predecessor-version":[{"id":2100,"href":"https:\/\/nordestealarme.pt\/index.php?rest_route=\/wp\/v2\/pages\/2090\/revisions\/2100"}],"up":[{"embeddable":true,"href":"https:\/\/nordestealarme.pt\/index.php?rest_route=\/wp\/v2\/pages\/1561"}],"wp:attachment":[{"href":"https:\/\/nordestealarme.pt\/index.php?rest_route=%2Fwp%2Fv2%2Fmedia&parent=2090"}],"curies":[{"name":"wp","href":"https:\/\/api.w.org\/{rel}","templated":true}]}}