{"id":1530,"date":"2017-02-13T13:10:16","date_gmt":"2017-02-13T13:10:16","guid":{"rendered":"http:\/\/nordestealarme.pt\/?page_id=1530"},"modified":"2017-03-27T16:03:16","modified_gmt":"2017-03-27T16:03:16","slug":"certificacoes","status":"publish","type":"page","link":"https:\/\/nordestealarme.pt\/?page_id=1530","title":{"rendered":"Acredita\u00e7\u00f5es"},"content":{"rendered":"<p>&nbsp;<\/p>\n<h2 style=\"text-align: center;\"><span style=\"color: #ff0000;\">NORDESTE Alarme &#8211; Acredita\u00e7\u00f5es<\/span><\/h2>\n<p>&nbsp;<\/p>\n<p>Em 2001 foi atribu\u00eddo o <strong>Alvar\u00e1 n\u00ba 72 C<\/strong>\u00a0de licen\u00e7a de recep\u00e7\u00e3o de alarmes pelo Minist\u00e9rio da Administra\u00e7\u00e3o Interna, que provocou um aumento exponencial de clientes o que nos leva a querer melhorar todos os dias de modo a atingirmos a fideliza\u00e7\u00e3o dos nossos clientes e a completa satisfa\u00e7\u00e3o das suas necessidades.<\/p>\n<p>\u00c9 certificada no servi\u00e7o de manuten\u00e7\u00e3o de extintores de acordo com a portaria n\u00ba773\/2009 de 21 Julho, cumprindo um servi\u00e7o certificado pela<strong> Norma NP-4413<\/strong> da empresa <strong>BUREAU VERITAS CERTIFICATION<\/strong>. Com a sua efic\u00e1cia esta empresa deu confian\u00e7a e demonstrou at\u00e9 \u00e0 presente data,<strong> rapidez, qualidade e seguran\u00e7a <\/strong>na resposta a todos os pedidos, cumprindo os respectivos prazos, garantindo <strong>total satisfa\u00e7\u00e3o<\/strong> com os nossos produtos e servi\u00e7os.<\/p>\n<p>A Nordeste Alarme \u00e9 tamb\u00e9m uma empresa registada na Autoridade Nacional de Prote\u00e7\u00e3o Civil &#8211; <strong>ANPC<\/strong> com o <strong>N\u00ba 233<\/strong>.<\/p>\n<p>&nbsp;<\/p>\n<p><strong>Documentos<\/strong><\/p>\n<p><a href=\"http:\/\/nordestealarme.pt\/wp-content\/uploads\/2017\/02\/NordesteAlarmeAutorizacao.pdf\">Alvar\u00e1 N72C &#8211; Atividade de Seguran\u00e7a Privada<\/a><\/p>\n<p><a href=\"http:\/\/nordestealarme.pt\/wp-content\/uploads\/2017\/02\/NordesteAlarmeNP4413.pdf\">Certifica\u00e7\u00e3o NP4413:2012 &#8211; Servi\u00e7o de Manuten\u00e7\u00e3o de Extintores<\/a><\/p>\n<p>&nbsp;<\/p>\n<p>&nbsp;<\/p>\n<p style=\"text-align: left;\"><em><strong>Precisa de ajuda? Fale Connosco&#8230;<\/strong><\/em><\/p>\n<p style=\"text-align: left;\"><div role=\"form\" class=\"wpcf7\" id=\"wpcf7-f1518-o1\" lang=\"pt-PT\" dir=\"ltr\">\n<div class=\"screen-reader-response\"><p role=\"status\" aria-live=\"polite\" aria-atomic=\"true\"><\/p> <ul><\/ul><\/div>\n<form action=\"\/index.php?rest_route=%2Fwp%2Fv2%2Fpages%2F1530#wpcf7-f1518-o1\" method=\"post\" class=\"wpcf7-form init\" novalidate=\"novalidate\" data-status=\"init\">\n<div style=\"display: none;\">\n<input type=\"hidden\" name=\"_wpcf7\" value=\"1518\" \/>\n<input type=\"hidden\" name=\"_wpcf7_version\" value=\"5.5.2\" \/>\n<input type=\"hidden\" name=\"_wpcf7_locale\" value=\"pt_PT\" \/>\n<input type=\"hidden\" name=\"_wpcf7_unit_tag\" value=\"wpcf7-f1518-o1\" \/>\n<input type=\"hidden\" name=\"_wpcf7_container_post\" value=\"0\" \/>\n<input type=\"hidden\" name=\"_wpcf7_posted_data_hash\" value=\"\" \/>\n<input type=\"hidden\" name=\"_wpcf7cf_hidden_group_fields\" value=\"\" \/>\n<input type=\"hidden\" name=\"_wpcf7cf_hidden_groups\" value=\"\" \/>\n<input type=\"hidden\" name=\"_wpcf7cf_visible_groups\" value=\"\" \/>\n<input type=\"hidden\" name=\"_wpcf7cf_repeaters\" value=\"[]\" \/>\n<input type=\"hidden\" name=\"_wpcf7cf_steps\" value=\"{}\" \/>\n<input type=\"hidden\" name=\"_wpcf7cf_options\" value=\"{&quot;form_id&quot;:1518,&quot;conditions&quot;:[],&quot;settings&quot;:{&quot;animation&quot;:&quot;yes&quot;,&quot;animation_intime&quot;:200,&quot;animation_outtime&quot;:200,&quot;conditions_ui&quot;:&quot;normal&quot;,&quot;notice_dismissed&quot;:false}}\" \/>\n<input type=\"hidden\" name=\"_wpcf7_recaptcha_response\" value=\"\" \/>\n<\/div>\n<p><label> O seu nome (obrigat\u00f3rio)<br \/>\n    <span class=\"wpcf7-form-control-wrap your-name\"><input type=\"text\" name=\"your-name\" value=\"\" size=\"40\" class=\"wpcf7-form-control wpcf7-text wpcf7-validates-as-required\" aria-required=\"true\" aria-invalid=\"false\" \/><\/span> <\/label><\/p>\n<p><label> O seu email (obrigat\u00f3rio)<br \/>\n    <span class=\"wpcf7-form-control-wrap your-email\"><input type=\"email\" name=\"your-email\" value=\"\" size=\"40\" class=\"wpcf7-form-control wpcf7-text wpcf7-email wpcf7-validates-as-required wpcf7-validates-as-email\" aria-required=\"true\" aria-invalid=\"false\" \/><\/span> <\/label><\/p>\n<p><label> Assunto<br \/>\n    <span class=\"wpcf7-form-control-wrap your-subject\"><input type=\"text\" name=\"your-subject\" value=\"\" size=\"40\" class=\"wpcf7-form-control wpcf7-text\" aria-invalid=\"false\" \/><\/span> <\/label><\/p>\n<p><label> A sua mensagem<br \/>\n    <span class=\"wpcf7-form-control-wrap your-message\"><textarea name=\"your-message\" cols=\"40\" rows=\"10\" class=\"wpcf7-form-control wpcf7-textarea\" aria-invalid=\"false\"><\/textarea><\/span> <\/label><\/p>\n\n<p><input type=\"submit\" value=\"Enviar\" class=\"wpcf7-form-control has-spinner wpcf7-submit\" \/><\/p>\n<p style=\"display: none !important;\"><label>&#916;<textarea name=\"_wpcf7_ak_hp_textarea\" cols=\"45\" rows=\"8\" maxlength=\"100\"><\/textarea><\/label><input type=\"hidden\" id=\"ak_js\" name=\"_wpcf7_ak_js\" value=\"12\"\/><script>document.getElementById( \"ak_js\" ).setAttribute( \"value\", ( new Date() ).getTime() );<\/script><\/p><div class=\"wpcf7-response-output\" aria-hidden=\"true\"><\/div><\/form><\/div>\n","protected":false},"excerpt":{"rendered":"<p>&nbsp; NORDESTE Alarme &#8211; Acredita\u00e7\u00f5es &nbsp; Em 2001 foi atribu\u00eddo o Alvar\u00e1 n\u00ba 72 C\u00a0de licen\u00e7a de recep\u00e7\u00e3o de alarmes pelo Minist\u00e9rio da Administra\u00e7\u00e3o Interna, que provocou um aumento exponencial de clientes o que nos leva a querer melhorar todos os dias de modo a atingirmos a fideliza\u00e7\u00e3o dos nossos clientes e a completa satisfa\u00e7\u00e3o [&hellip;]<\/p>\n","protected":false},"author":1,"featured_media":0,"parent":0,"menu_order":0,"comment_status":"closed","ping_status":"closed","template":"","meta":[],"yoast_head":"<!-- This site is optimized with the Yoast SEO plugin v17.4 - https:\/\/yoast.com\/wordpress\/plugins\/seo\/ -->\n<meta name=\"robots\" content=\"index, follow, max-snippet:-1, max-image-preview:large, max-video-preview:-1\" \/>\n<link rel=\"canonical\" href=\"http:\/\/nordestealarme.pt\/?page_id=1530\" \/>\n<meta property=\"og:locale\" content=\"pt_PT\" \/>\n<meta property=\"og:type\" content=\"article\" \/>\n<meta property=\"og:title\" content=\"Acredita\u00e7\u00f5es - NordesteAlarme\" \/>\n<meta property=\"og:description\" content=\"&nbsp; NORDESTE Alarme &#8211; Acredita\u00e7\u00f5es &nbsp; Em 2001 foi atribu\u00eddo o Alvar\u00e1 n\u00ba 72 C\u00a0de licen\u00e7a de recep\u00e7\u00e3o de alarmes pelo Minist\u00e9rio da Administra\u00e7\u00e3o Interna, que provocou um aumento exponencial de clientes o que nos leva a querer melhorar todos os dias de modo a atingirmos a fideliza\u00e7\u00e3o dos nossos clientes e a completa satisfa\u00e7\u00e3o [&hellip;]\" \/>\n<meta property=\"og:url\" content=\"http:\/\/nordestealarme.pt\/?page_id=1530\" \/>\n<meta property=\"og:site_name\" content=\"NordesteAlarme\" \/>\n<meta property=\"article:publisher\" content=\"https:\/\/www.facebook.com\/Nordeste-Alarme-346666698692284\/?fref=ts\" \/>\n<meta property=\"article:modified_time\" content=\"2017-03-27T16:03:16+00:00\" \/>\n<meta name=\"twitter:card\" content=\"summary\" \/>\n<meta name=\"twitter:label1\" content=\"Tempo estimado de leitura\" \/>\n\t<meta name=\"twitter:data1\" content=\"1 minuto\" \/>\n<script type=\"application\/ld+json\" class=\"yoast-schema-graph\">{\"@context\":\"https:\/\/schema.org\",\"@graph\":[{\"@type\":\"Organization\",\"@id\":\"http:\/\/nordestealarme.pt\/#organization\",\"name\":\"Nordeste Alarme - Servi\\u00e7os de Tecnologia de Seguran\\u00e7a, Lda\",\"url\":\"http:\/\/nordestealarme.pt\/\",\"sameAs\":[\"https:\/\/www.facebook.com\/Nordeste-Alarme-346666698692284\/?fref=ts\"],\"logo\":{\"@type\":\"ImageObject\",\"@id\":\"http:\/\/nordestealarme.pt\/#logo\",\"inLanguage\":\"pt-PT\",\"url\":\"https:\/\/nordestealarme.pt\/wp-content\/uploads\/2017\/02\/logonomargin.png\",\"contentUrl\":\"https:\/\/nordestealarme.pt\/wp-content\/uploads\/2017\/02\/logonomargin.png\",\"width\":206,\"height\":49,\"caption\":\"Nordeste Alarme - Servi\\u00e7os de Tecnologia de Seguran\\u00e7a, Lda\"},\"image\":{\"@id\":\"http:\/\/nordestealarme.pt\/#logo\"}},{\"@type\":\"WebSite\",\"@id\":\"http:\/\/nordestealarme.pt\/#website\",\"url\":\"http:\/\/nordestealarme.pt\/\",\"name\":\"NordesteAlarme\",\"description\":\"Servi\\u00e7os de Tecnologia e Seguran\\u00e7a\",\"publisher\":{\"@id\":\"http:\/\/nordestealarme.pt\/#organization\"},\"potentialAction\":[{\"@type\":\"SearchAction\",\"target\":{\"@type\":\"EntryPoint\",\"urlTemplate\":\"http:\/\/nordestealarme.pt\/?s={search_term_string}\"},\"query-input\":\"required name=search_term_string\"}],\"inLanguage\":\"pt-PT\"},{\"@type\":\"WebPage\",\"@id\":\"http:\/\/nordestealarme.pt\/?page_id=1530#webpage\",\"url\":\"http:\/\/nordestealarme.pt\/?page_id=1530\",\"name\":\"Acredita\\u00e7\\u00f5es - NordesteAlarme\",\"isPartOf\":{\"@id\":\"http:\/\/nordestealarme.pt\/#website\"},\"datePublished\":\"2017-02-13T13:10:16+00:00\",\"dateModified\":\"2017-03-27T16:03:16+00:00\",\"breadcrumb\":{\"@id\":\"http:\/\/nordestealarme.pt\/?page_id=1530#breadcrumb\"},\"inLanguage\":\"pt-PT\",\"potentialAction\":[{\"@type\":\"ReadAction\",\"target\":[\"http:\/\/nordestealarme.pt\/?page_id=1530\"]}]},{\"@type\":\"BreadcrumbList\",\"@id\":\"http:\/\/nordestealarme.pt\/?page_id=1530#breadcrumb\",\"itemListElement\":[{\"@type\":\"ListItem\",\"position\":1,\"name\":\"In\\u00edcio\",\"item\":\"http:\/\/nordestealarme.pt\/\"},{\"@type\":\"ListItem\",\"position\":2,\"name\":\"Acredita\\u00e7\\u00f5es\"}]}]}<\/script>\n<!-- \/ Yoast SEO plugin. -->","yoast_head_json":{"robots":{"index":"index","follow":"follow","max-snippet":"max-snippet:-1","max-image-preview":"max-image-preview:large","max-video-preview":"max-video-preview:-1"},"canonical":"http:\/\/nordestealarme.pt\/?page_id=1530","og_locale":"pt_PT","og_type":"article","og_title":"Acredita\u00e7\u00f5es - NordesteAlarme","og_description":"&nbsp; NORDESTE Alarme &#8211; Acredita\u00e7\u00f5es &nbsp; Em 2001 foi atribu\u00eddo o Alvar\u00e1 n\u00ba 72 C\u00a0de licen\u00e7a de recep\u00e7\u00e3o de alarmes pelo Minist\u00e9rio da Administra\u00e7\u00e3o Interna, que provocou um aumento exponencial de clientes o que nos leva a querer melhorar todos os dias de modo a atingirmos a fideliza\u00e7\u00e3o dos nossos clientes e a completa satisfa\u00e7\u00e3o [&hellip;]","og_url":"http:\/\/nordestealarme.pt\/?page_id=1530","og_site_name":"NordesteAlarme","article_publisher":"https:\/\/www.facebook.com\/Nordeste-Alarme-346666698692284\/?fref=ts","article_modified_time":"2017-03-27T16:03:16+00:00","twitter_card":"summary","twitter_misc":{"Tempo estimado de leitura":"1 minuto"},"schema":{"@context":"https:\/\/schema.org","@graph":[{"@type":"Organization","@id":"http:\/\/nordestealarme.pt\/#organization","name":"Nordeste Alarme - Servi\u00e7os de Tecnologia de Seguran\u00e7a, Lda","url":"http:\/\/nordestealarme.pt\/","sameAs":["https:\/\/www.facebook.com\/Nordeste-Alarme-346666698692284\/?fref=ts"],"logo":{"@type":"ImageObject","@id":"http:\/\/nordestealarme.pt\/#logo","inLanguage":"pt-PT","url":"https:\/\/nordestealarme.pt\/wp-content\/uploads\/2017\/02\/logonomargin.png","contentUrl":"https:\/\/nordestealarme.pt\/wp-content\/uploads\/2017\/02\/logonomargin.png","width":206,"height":49,"caption":"Nordeste Alarme - Servi\u00e7os de Tecnologia de Seguran\u00e7a, Lda"},"image":{"@id":"http:\/\/nordestealarme.pt\/#logo"}},{"@type":"WebSite","@id":"http:\/\/nordestealarme.pt\/#website","url":"http:\/\/nordestealarme.pt\/","name":"NordesteAlarme","description":"Servi\u00e7os de Tecnologia e Seguran\u00e7a","publisher":{"@id":"http:\/\/nordestealarme.pt\/#organization"},"potentialAction":[{"@type":"SearchAction","target":{"@type":"EntryPoint","urlTemplate":"http:\/\/nordestealarme.pt\/?s={search_term_string}"},"query-input":"required name=search_term_string"}],"inLanguage":"pt-PT"},{"@type":"WebPage","@id":"http:\/\/nordestealarme.pt\/?page_id=1530#webpage","url":"http:\/\/nordestealarme.pt\/?page_id=1530","name":"Acredita\u00e7\u00f5es - NordesteAlarme","isPartOf":{"@id":"http:\/\/nordestealarme.pt\/#website"},"datePublished":"2017-02-13T13:10:16+00:00","dateModified":"2017-03-27T16:03:16+00:00","breadcrumb":{"@id":"http:\/\/nordestealarme.pt\/?page_id=1530#breadcrumb"},"inLanguage":"pt-PT","potentialAction":[{"@type":"ReadAction","target":["http:\/\/nordestealarme.pt\/?page_id=1530"]}]},{"@type":"BreadcrumbList","@id":"http:\/\/nordestealarme.pt\/?page_id=1530#breadcrumb","itemListElement":[{"@type":"ListItem","position":1,"name":"In\u00edcio","item":"http:\/\/nordestealarme.pt\/"},{"@type":"ListItem","position":2,"name":"Acredita\u00e7\u00f5es"}]}]}},"_links":{"self":[{"href":"https:\/\/nordestealarme.pt\/index.php?rest_route=\/wp\/v2\/pages\/1530"}],"collection":[{"href":"https:\/\/nordestealarme.pt\/index.php?rest_route=\/wp\/v2\/pages"}],"about":[{"href":"https:\/\/nordestealarme.pt\/index.php?rest_route=\/wp\/v2\/types\/page"}],"author":[{"embeddable":true,"href":"https:\/\/nordestealarme.pt\/index.php?rest_route=\/wp\/v2\/users\/1"}],"replies":[{"embeddable":true,"href":"https:\/\/nordestealarme.pt\/index.php?rest_route=%2Fwp%2Fv2%2Fcomments&post=1530"}],"version-history":[{"count":7,"href":"https:\/\/nordestealarme.pt\/index.php?rest_route=\/wp\/v2\/pages\/1530\/revisions"}],"predecessor-version":[{"id":2066,"href":"https:\/\/nordestealarme.pt\/index.php?rest_route=\/wp\/v2\/pages\/1530\/revisions\/2066"}],"wp:attachment":[{"href":"https:\/\/nordestealarme.pt\/index.php?rest_route=%2Fwp%2Fv2%2Fmedia&parent=1530"}],"curies":[{"name":"wp","href":"https:\/\/api.w.org\/{rel}","templated":true}]}}