{"id":2263,"date":"2017-03-19T22:52:35","date_gmt":"2017-03-19T22:52:35","guid":{"rendered":"http:\/\/nordestealarme.pt\/?page_id=2263"},"modified":"2017-03-20T17:53:42","modified_gmt":"2017-03-20T17:53:42","slug":"central-recetora-de-alarmes","status":"publish","type":"page","link":"http:\/\/nordestealarme.pt\/?page_id=2263","title":{"rendered":"Central Recetora de Alarmes"},"content":{"rendered":"<p>&nbsp;<\/p>\n<p><img loading=\"lazy\" class=\"aligncenter size-full wp-image-2264\" src=\"http:\/\/nordestealarme.pt\/wp-content\/uploads\/2017\/03\/central.jpg\" alt=\"Central Recetora de Alarmes\" width=\"1910\" height=\"691\" srcset=\"http:\/\/nordestealarme.pt\/wp-content\/uploads\/2017\/03\/central.jpg 1910w, http:\/\/nordestealarme.pt\/wp-content\/uploads\/2017\/03\/central-300x109.jpg 300w, http:\/\/nordestealarme.pt\/wp-content\/uploads\/2017\/03\/central-768x278.jpg 768w, http:\/\/nordestealarme.pt\/wp-content\/uploads\/2017\/03\/central-1024x370.jpg 1024w, http:\/\/nordestealarme.pt\/wp-content\/uploads\/2017\/03\/central-24x9.jpg 24w, http:\/\/nordestealarme.pt\/wp-content\/uploads\/2017\/03\/central-36x13.jpg 36w, http:\/\/nordestealarme.pt\/wp-content\/uploads\/2017\/03\/central-48x17.jpg 48w\" sizes=\"(max-width: 1910px) 100vw, 1910px\" \/><\/p>\n<p>&nbsp;<\/p>\n<p>A Central Recetora Nordeste Alarme est\u00e1 equipada com o Sistema de Rece\u00e7\u00e3o de Alarmes SONICWALL, da UTC Technologies que possui um servidor principal e um secund\u00e1rio para redund\u00e2ncia de grava\u00e7\u00f5es.<\/p>\n<p>Possui uma elevada capacidade de grava\u00e7\u00e3o onde s\u00e3o registadas todas as ocorr\u00eancias, imagens, devidamente autorizadas pela CNPD.<\/p>\n<p>A nossa CRA utiliza v\u00e1rios sistemas de rece\u00e7\u00e3o como\u00a0 IP (TCP\/UDP), PSTN\/IP, via-r\u00e1dio RC2. Trabalhamos assim com a\u00a0 Osborne, e Enigma II.<\/p>\n<p>As marcas das centrais que destacamos s\u00e3o Paradox, INIM, Visonic, ZeroWire,DSC, Caddx, Bosch,\u00a0etc..<\/p>\n<p>No que diz respeito aos sistemas de videovigil\u00e2ncia destacamos a provision, LG, Bosch, Hikvision, Samsung mas podem ser integradas outras marcas solicitadas pelo cliente.<\/p>\n<p>Com estas caracter\u00edsticas a nossa Central Recetora de Alarmes receciona com seguran\u00e7a e qualidade a visualiza\u00e7\u00e3o de imagens em directo e grava\u00e7\u00f5es associadas \u00e0 detec\u00e7\u00e3o.<\/p>\n<p>Perante a visualiza\u00e7\u00e3o de imagens de alarme, os nossos vigilantes dar\u00e3o o alerta com absoluta certeza evitando os falsos alarmes.<\/p>\n<p>As chamadas policiais ser\u00e3o efectuadas ao abrigo da Lei atual da Seguran\u00e7a Privada. Posteriormente \u00e0 chamada policial, o Parceiro Instalador ter\u00e1 de efectuar uma visita t\u00e9cnica\u00a0e enviar para a nossa CRA, o relat\u00f3rio de alarme real, quando se constatar tratar-se de uma real intrus\u00e3o ou mera tentativa, ou ent\u00e3o o envio do relat\u00f3rio t\u00e9cnico, quando se constatar que a causa do alarme foi avaria t\u00e9cnica.<\/p>\n<p>O nosso sistema de rece\u00e7\u00e3o de alarmes est\u00e1 preparado para que de uma forma autom\u00e1tica e direta possa\u00a0gerar o envio de relat\u00f3rios para o e-mail, chamada para telefone\/telem\u00f3vel ou sms,\u00a0 sempre que sejam programados alertas t\u00e9cnicos, ( ex: falha de\u00a0baterias e pilhas, falha teste linha, etc\u00a0) ou simples relat\u00f3rios de controlo ( ex: abertos e fechados, testes peri\u00f3dicos, etc). \u00c9 de referir que para qualquer um destes casos, \u00e9 estritamente necess\u00e1rio a programa\u00e7\u00e3o dos mesmos no local da instala\u00e7\u00e3o.<\/p>\n<pre>\r\n<a href=\"http:\/\/nordestealarme.pt\/?page_id=1949\" class=\"button button_hilite tiny_button\"  target='_blank'>Pedir Informa\u00e7\u00f5es<\/a><\/pre>\n","protected":false},"excerpt":{"rendered":"<p>&nbsp; &nbsp; A Central Recetora Nordeste Alarme est\u00e1 equipada com o Sistema de Rece\u00e7\u00e3o de Alarmes SONICWALL, da UTC Technologies que possui um servidor principal e um secund\u00e1rio para redund\u00e2ncia de grava\u00e7\u00f5es. Possui uma elevada capacidade de grava\u00e7\u00e3o onde s\u00e3o registadas todas as ocorr\u00eancias, imagens, devidamente autorizadas pela CNPD. A nossa CRA utiliza v\u00e1rios sistemas [&hellip;]<\/p>\n","protected":false},"author":1,"featured_media":2264,"parent":0,"menu_order":0,"comment_status":"closed","ping_status":"closed","template":"","meta":[],"yoast_head":"<!-- This site is optimized with the Yoast SEO plugin v17.4 - https:\/\/yoast.com\/wordpress\/plugins\/seo\/ -->\n<meta name=\"robots\" content=\"index, follow, max-snippet:-1, max-image-preview:large, max-video-preview:-1\" \/>\n<link rel=\"canonical\" href=\"http:\/\/nordestealarme.pt\/?page_id=2263\" \/>\n<meta property=\"og:locale\" content=\"pt_PT\" \/>\n<meta property=\"og:type\" content=\"article\" \/>\n<meta property=\"og:title\" content=\"Central Recetora de Alarmes - NordesteAlarme\" \/>\n<meta property=\"og:description\" content=\"&nbsp; &nbsp; A Central Recetora Nordeste Alarme est\u00e1 equipada com o Sistema de Rece\u00e7\u00e3o de Alarmes SONICWALL, da UTC Technologies que possui um servidor principal e um secund\u00e1rio para redund\u00e2ncia de grava\u00e7\u00f5es. Possui uma elevada capacidade de grava\u00e7\u00e3o onde s\u00e3o registadas todas as ocorr\u00eancias, imagens, devidamente autorizadas pela CNPD. A nossa CRA utiliza v\u00e1rios sistemas [&hellip;]\" \/>\n<meta property=\"og:url\" content=\"http:\/\/nordestealarme.pt\/?page_id=2263\" \/>\n<meta property=\"og:site_name\" content=\"NordesteAlarme\" \/>\n<meta property=\"article:publisher\" content=\"https:\/\/www.facebook.com\/Nordeste-Alarme-346666698692284\/?fref=ts\" \/>\n<meta property=\"article:modified_time\" content=\"2017-03-20T17:53:42+00:00\" \/>\n<meta property=\"og:image\" content=\"http:\/\/nordestealarme.pt\/wp-content\/uploads\/2017\/03\/central.jpg\" \/>\n\t<meta property=\"og:image:width\" content=\"1910\" \/>\n\t<meta property=\"og:image:height\" content=\"691\" \/>\n<meta name=\"twitter:card\" content=\"summary\" \/>\n<meta name=\"twitter:label1\" content=\"Tempo estimado de leitura\" \/>\n\t<meta name=\"twitter:data1\" content=\"2 minutos\" \/>\n<script type=\"application\/ld+json\" class=\"yoast-schema-graph\">{\"@context\":\"https:\/\/schema.org\",\"@graph\":[{\"@type\":\"Organization\",\"@id\":\"https:\/\/nordestealarme.pt\/#organization\",\"name\":\"Nordeste Alarme - Servi\\u00e7os de Tecnologia de Seguran\\u00e7a, Lda\",\"url\":\"https:\/\/nordestealarme.pt\/\",\"sameAs\":[\"https:\/\/www.facebook.com\/Nordeste-Alarme-346666698692284\/?fref=ts\"],\"logo\":{\"@type\":\"ImageObject\",\"@id\":\"https:\/\/nordestealarme.pt\/#logo\",\"inLanguage\":\"pt-PT\",\"url\":\"https:\/\/nordestealarme.pt\/wp-content\/uploads\/2017\/02\/logonomargin.png\",\"contentUrl\":\"https:\/\/nordestealarme.pt\/wp-content\/uploads\/2017\/02\/logonomargin.png\",\"width\":206,\"height\":49,\"caption\":\"Nordeste Alarme - Servi\\u00e7os de Tecnologia de Seguran\\u00e7a, Lda\"},\"image\":{\"@id\":\"https:\/\/nordestealarme.pt\/#logo\"}},{\"@type\":\"WebSite\",\"@id\":\"https:\/\/nordestealarme.pt\/#website\",\"url\":\"https:\/\/nordestealarme.pt\/\",\"name\":\"NordesteAlarme\",\"description\":\"Servi\\u00e7os de Tecnologia e Seguran\\u00e7a\",\"publisher\":{\"@id\":\"https:\/\/nordestealarme.pt\/#organization\"},\"potentialAction\":[{\"@type\":\"SearchAction\",\"target\":{\"@type\":\"EntryPoint\",\"urlTemplate\":\"https:\/\/nordestealarme.pt\/?s={search_term_string}\"},\"query-input\":\"required name=search_term_string\"}],\"inLanguage\":\"pt-PT\"},{\"@type\":\"ImageObject\",\"@id\":\"http:\/\/nordestealarme.pt\/?page_id=2263#primaryimage\",\"inLanguage\":\"pt-PT\",\"url\":\"http:\/\/nordestealarme.pt\/wp-content\/uploads\/2017\/03\/central.jpg\",\"contentUrl\":\"http:\/\/nordestealarme.pt\/wp-content\/uploads\/2017\/03\/central.jpg\",\"width\":1910,\"height\":691,\"caption\":\"Central Recetora de Alarmes\"},{\"@type\":\"WebPage\",\"@id\":\"http:\/\/nordestealarme.pt\/?page_id=2263#webpage\",\"url\":\"http:\/\/nordestealarme.pt\/?page_id=2263\",\"name\":\"Central Recetora de Alarmes - NordesteAlarme\",\"isPartOf\":{\"@id\":\"https:\/\/nordestealarme.pt\/#website\"},\"primaryImageOfPage\":{\"@id\":\"http:\/\/nordestealarme.pt\/?page_id=2263#primaryimage\"},\"datePublished\":\"2017-03-19T22:52:35+00:00\",\"dateModified\":\"2017-03-20T17:53:42+00:00\",\"breadcrumb\":{\"@id\":\"http:\/\/nordestealarme.pt\/?page_id=2263#breadcrumb\"},\"inLanguage\":\"pt-PT\",\"potentialAction\":[{\"@type\":\"ReadAction\",\"target\":[\"http:\/\/nordestealarme.pt\/?page_id=2263\"]}]},{\"@type\":\"BreadcrumbList\",\"@id\":\"http:\/\/nordestealarme.pt\/?page_id=2263#breadcrumb\",\"itemListElement\":[{\"@type\":\"ListItem\",\"position\":1,\"name\":\"In\\u00edcio\",\"item\":\"https:\/\/nordestealarme.pt\/\"},{\"@type\":\"ListItem\",\"position\":2,\"name\":\"Central Recetora de Alarmes\"}]}]}<\/script>\n<!-- \/ Yoast SEO plugin. -->","yoast_head_json":{"robots":{"index":"index","follow":"follow","max-snippet":"max-snippet:-1","max-image-preview":"max-image-preview:large","max-video-preview":"max-video-preview:-1"},"canonical":"http:\/\/nordestealarme.pt\/?page_id=2263","og_locale":"pt_PT","og_type":"article","og_title":"Central Recetora de Alarmes - NordesteAlarme","og_description":"&nbsp; &nbsp; A Central Recetora Nordeste Alarme est\u00e1 equipada com o Sistema de Rece\u00e7\u00e3o de Alarmes SONICWALL, da UTC Technologies que possui um servidor principal e um secund\u00e1rio para redund\u00e2ncia de grava\u00e7\u00f5es. Possui uma elevada capacidade de grava\u00e7\u00e3o onde s\u00e3o registadas todas as ocorr\u00eancias, imagens, devidamente autorizadas pela CNPD. A nossa CRA utiliza v\u00e1rios sistemas [&hellip;]","og_url":"http:\/\/nordestealarme.pt\/?page_id=2263","og_site_name":"NordesteAlarme","article_publisher":"https:\/\/www.facebook.com\/Nordeste-Alarme-346666698692284\/?fref=ts","article_modified_time":"2017-03-20T17:53:42+00:00","og_image":[{"width":1910,"height":691,"url":"http:\/\/nordestealarme.pt\/wp-content\/uploads\/2017\/03\/central.jpg","type":"image\/jpeg"}],"twitter_card":"summary","twitter_misc":{"Tempo estimado de leitura":"2 minutos"},"schema":{"@context":"https:\/\/schema.org","@graph":[{"@type":"Organization","@id":"https:\/\/nordestealarme.pt\/#organization","name":"Nordeste Alarme - Servi\u00e7os de Tecnologia de Seguran\u00e7a, Lda","url":"https:\/\/nordestealarme.pt\/","sameAs":["https:\/\/www.facebook.com\/Nordeste-Alarme-346666698692284\/?fref=ts"],"logo":{"@type":"ImageObject","@id":"https:\/\/nordestealarme.pt\/#logo","inLanguage":"pt-PT","url":"https:\/\/nordestealarme.pt\/wp-content\/uploads\/2017\/02\/logonomargin.png","contentUrl":"https:\/\/nordestealarme.pt\/wp-content\/uploads\/2017\/02\/logonomargin.png","width":206,"height":49,"caption":"Nordeste Alarme - Servi\u00e7os de Tecnologia de Seguran\u00e7a, Lda"},"image":{"@id":"https:\/\/nordestealarme.pt\/#logo"}},{"@type":"WebSite","@id":"https:\/\/nordestealarme.pt\/#website","url":"https:\/\/nordestealarme.pt\/","name":"NordesteAlarme","description":"Servi\u00e7os de Tecnologia e Seguran\u00e7a","publisher":{"@id":"https:\/\/nordestealarme.pt\/#organization"},"potentialAction":[{"@type":"SearchAction","target":{"@type":"EntryPoint","urlTemplate":"https:\/\/nordestealarme.pt\/?s={search_term_string}"},"query-input":"required name=search_term_string"}],"inLanguage":"pt-PT"},{"@type":"ImageObject","@id":"http:\/\/nordestealarme.pt\/?page_id=2263#primaryimage","inLanguage":"pt-PT","url":"http:\/\/nordestealarme.pt\/wp-content\/uploads\/2017\/03\/central.jpg","contentUrl":"http:\/\/nordestealarme.pt\/wp-content\/uploads\/2017\/03\/central.jpg","width":1910,"height":691,"caption":"Central Recetora de Alarmes"},{"@type":"WebPage","@id":"http:\/\/nordestealarme.pt\/?page_id=2263#webpage","url":"http:\/\/nordestealarme.pt\/?page_id=2263","name":"Central Recetora de Alarmes - NordesteAlarme","isPartOf":{"@id":"https:\/\/nordestealarme.pt\/#website"},"primaryImageOfPage":{"@id":"http:\/\/nordestealarme.pt\/?page_id=2263#primaryimage"},"datePublished":"2017-03-19T22:52:35+00:00","dateModified":"2017-03-20T17:53:42+00:00","breadcrumb":{"@id":"http:\/\/nordestealarme.pt\/?page_id=2263#breadcrumb"},"inLanguage":"pt-PT","potentialAction":[{"@type":"ReadAction","target":["http:\/\/nordestealarme.pt\/?page_id=2263"]}]},{"@type":"BreadcrumbList","@id":"http:\/\/nordestealarme.pt\/?page_id=2263#breadcrumb","itemListElement":[{"@type":"ListItem","position":1,"name":"In\u00edcio","item":"https:\/\/nordestealarme.pt\/"},{"@type":"ListItem","position":2,"name":"Central Recetora de Alarmes"}]}]}},"_links":{"self":[{"href":"http:\/\/nordestealarme.pt\/index.php?rest_route=\/wp\/v2\/pages\/2263"}],"collection":[{"href":"http:\/\/nordestealarme.pt\/index.php?rest_route=\/wp\/v2\/pages"}],"about":[{"href":"http:\/\/nordestealarme.pt\/index.php?rest_route=\/wp\/v2\/types\/page"}],"author":[{"embeddable":true,"href":"http:\/\/nordestealarme.pt\/index.php?rest_route=\/wp\/v2\/users\/1"}],"replies":[{"embeddable":true,"href":"http:\/\/nordestealarme.pt\/index.php?rest_route=%2Fwp%2Fv2%2Fcomments&post=2263"}],"version-history":[{"count":6,"href":"http:\/\/nordestealarme.pt\/index.php?rest_route=\/wp\/v2\/pages\/2263\/revisions"}],"predecessor-version":[{"id":2301,"href":"http:\/\/nordestealarme.pt\/index.php?rest_route=\/wp\/v2\/pages\/2263\/revisions\/2301"}],"wp:featuredmedia":[{"embeddable":true,"href":"http:\/\/nordestealarme.pt\/index.php?rest_route=\/wp\/v2\/media\/2264"}],"wp:attachment":[{"href":"http:\/\/nordestealarme.pt\/index.php?rest_route=%2Fwp%2Fv2%2Fmedia&parent=2263"}],"curies":[{"name":"wp","href":"https:\/\/api.w.org\/{rel}","templated":true}]}}