{"id":1555,"date":"2017-02-13T13:33:55","date_gmt":"2017-02-13T13:33:55","guid":{"rendered":"http:\/\/nordestealarme.pt\/?page_id=1555"},"modified":"2017-03-20T00:21:03","modified_gmt":"2017-03-20T00:21:03","slug":"gases","status":"publish","type":"page","link":"http:\/\/nordestealarme.pt\/?page_id=1555","title":{"rendered":"Gases"},"content":{"rendered":"<!-- Container Row --><div class=\"container animationStart \">\n\t\t<div class=\"row   \">\n\t\t\t<div class=\"sixteen columns\">\n\t\t\t\n<div class=\"clients_section\">\t\n\t\t\t<div class=\"five columns client_info_intro alpha\">\n\t\t\t\t<h1>Parceiros<\/h1>\n\t\t\t\t<h2>Alguns dos nossos parceiros na \u00e1rea da dete\u00e7\u00e3o de gases<\/h2>\n\t\t\t\t Sistemas de dete\u00e7\u00e3o de g\u00e1s e mon\u00f3xido de carbono.\n\t\t\t<\/div>\n\t\t\t<div class=\"ten columns client_info_holder animationStart omega\">\t\t\t\t\n\t\t\t\t\n<div class=\"three columns client_info\">\n\t\t\t<a href=\"http:\/\/nordestealarme.pt\/?portfolio_category=mra\" target=\"_blank\" class=\"tooltipsy\" original-title=\"M.R.A.\"><img src=\"http:\/\/nordestealarme.pt\/wp-content\/uploads\/2017\/02\/mra.png\"><\/a>\n\t\t  <\/div>\n\n\t\t\t<\/div>\n\t\t\t<div class=\"clear\"><\/div>\n\t\t<\/div>\n\n\t\t\t<\/div>\t\t\t\n    \t<\/div>\n\t<\/div>\n\t<!-- Container Row :: END -->\n\t\n<!-- Container Row --><div class=\"container animationStart \">\n\t\t<div class=\"row   \">\n\t\t\t<div class=\"sixteen columns\">\n\t\t\t\n\t\n\t\t\t<div class=\"info_block animationStart\">\n\t\t\t\t<h2 class=\"title\"><span>Alguns dos nossos produtos e servi\u00e7os de dete\u00e7\u00e3o de gases<\/span><\/h2>\n\t\t\t\t<div class=\"carousel_section\">\n\t\t\t\t\t<ul id=\"portfolio_carousel_73d40205c92dd1b024822fd284da9be9\">\n\t\t\t\t\t\t\t\t<li class=\"one-third column info_item\">\n\t\t\t\t\t\t\t\t\t<a href=\"http:\/\/nordestealarme.pt\/?portfolio=sistemas-mira\" title=\"\" class=\"pic_info_link_type5\">\n\t\t\t\t\t\t\t\t\t\t<div class=\"pic_info type5\">\n\t\t\t\t\t\t\t\t\t\t\t<div class=\"pic_holder\"><div class=\"plus_overlay\"><\/div><div class=\"plus_overlay_icon\"><\/div><img width=\"313\" height=\"257\" src=\"http:\/\/nordestealarme.pt\/wp-content\/uploads\/2017\/03\/detecaoGasesMIRA.png\" class=\"attachment-portfolio-medium size-portfolio-medium wp-post-image\" alt=\"Dete\u00e7\u00e3o de Gases MIRA\" loading=\"lazy\" srcset=\"http:\/\/nordestealarme.pt\/wp-content\/uploads\/2017\/03\/detecaoGasesMIRA.png 313w, http:\/\/nordestealarme.pt\/wp-content\/uploads\/2017\/03\/detecaoGasesMIRA-300x246.png 300w, http:\/\/nordestealarme.pt\/wp-content\/uploads\/2017\/03\/detecaoGasesMIRA-24x20.png 24w, http:\/\/nordestealarme.pt\/wp-content\/uploads\/2017\/03\/detecaoGasesMIRA-36x30.png 36w, http:\/\/nordestealarme.pt\/wp-content\/uploads\/2017\/03\/detecaoGasesMIRA-48x39.png 48w\" sizes=\"(max-width: 313px) 100vw, 313px\" \/><div class=\"img_overlay_icon\"><span class=\"portfolio_icon icon_camera\"><\/span><\/div><\/div>\n\t\t\t\t\t\t\t\t\t\t\t<div class=\"info_overlay\">\n\t\t\t\t\t\t\t\t\t\t\t\t<div class=\"info_overlay_padding\">\n\t\t\t\t\t\t\t\t\t\t\t\t\t<div class=\"info_desc\">\n\t\t\t\t\t\t\t\t\t\t\t\t\t\t<span class=\"portfolio_icon icon_camera\"><\/span>\n\t\t\t\t\t\t\t\t\t\t\t\t\t\t<h3>Sistemas MIRA<\/h3>\n\t\t\t\t\t\t\t\t\t\t\t\t\t\t<p>Gases \/ Mra<\/p>\n\t\t\t\t\t\t\t\t\t\t\t\t\t<\/div>\n\t\t\t\t\t\t\t\t\t\t\t\t<\/div>\n\t\t\t\t\t\t\t\t\t\t\t<\/div>\n\t\t\t\t\t\t\t\t\t\t<\/div>\n\t\t\t\t\t\t\t\t\t<\/a>\n\t\t\t\t\t\t\t\t<\/li>\n\t\t\t\t\t\t\t\t\n\t\t\t\t\t<\/ul>\n\t\t\t\t<\/div>\n\t\t\t<\/div>\n\n\t\t\t<div class=\"h20 clear\"><\/div>\n\t\t\t\t\t\t\n\t\t\t<script type=\"text\/javascript\">\n\t\t\t\tjQuery(document).ready(function() {\t\t\t\t\n\t\t\t\t\tjQuery(\"#portfolio_carousel_73d40205c92dd1b024822fd284da9be9\").jcarousel({\n\t\t\t\t\t\tscroll: (jQuery(window).width() > 768 ? 3 : 1),\n\t\t\t\t\t\teasing: \"easeInOutExpo\",\n\t\t\t\t\t\tanimation: 700\n\t\t\t\t\t});\n\t\t\t\t});\t\n\t\t\t\t\n\t\t\t\t\n\t\t\t\t\/\/ Reload carousels on window resize to scroll only 1 item if viewport is small\n\t\t\t\tjQuery(window).resize(function() {\n\t\t\t\t\t var el = jQuery(\"#portfolio_carousel_73d40205c92dd1b024822fd284da9be9\"), carousel = el.data(\"jcarousel\"), win_width = jQuery(window).width();\n\t\t\t\t\t   var visibleItems = (win_width > 768 ? 3 : 1);\n\t\t\t\t\t   carousel.options.visible = visibleItems;\n\t\t\t\t\t   carousel.options.scroll = visibleItems;\n\t\t\t\t\t   carousel.reload();\n\t\t\t\t});\n\t\t\t<\/script>\n\n\t\t\t<\/div>\t\t\t\n    \t<\/div>\n\t<\/div>\n\t<!-- Container Row :: END -->\n\t\n","protected":false},"excerpt":{"rendered":"","protected":false},"author":1,"featured_media":0,"parent":198,"menu_order":0,"comment_status":"closed","ping_status":"closed","template":"","meta":[],"yoast_head":"<!-- This site is optimized with the Yoast SEO plugin v17.4 - https:\/\/yoast.com\/wordpress\/plugins\/seo\/ -->\n<meta name=\"robots\" content=\"index, follow, max-snippet:-1, max-image-preview:large, max-video-preview:-1\" \/>\n<link rel=\"canonical\" href=\"https:\/\/nordestealarme.pt\/?page_id=1555\" \/>\n<meta property=\"og:locale\" content=\"pt_PT\" \/>\n<meta property=\"og:type\" content=\"article\" \/>\n<meta property=\"og:title\" content=\"Gases - NordesteAlarme\" \/>\n<meta property=\"og:url\" content=\"https:\/\/nordestealarme.pt\/?page_id=1555\" \/>\n<meta property=\"og:site_name\" content=\"NordesteAlarme\" \/>\n<meta property=\"article:publisher\" content=\"https:\/\/www.facebook.com\/Nordeste-Alarme-346666698692284\/?fref=ts\" \/>\n<meta property=\"article:modified_time\" content=\"2017-03-20T00:21:03+00:00\" \/>\n<meta name=\"twitter:card\" content=\"summary\" \/>\n<meta name=\"twitter:label1\" content=\"Tempo estimado de leitura\" \/>\n\t<meta name=\"twitter:data1\" content=\"1 minuto\" \/>\n<script type=\"application\/ld+json\" class=\"yoast-schema-graph\">{\"@context\":\"https:\/\/schema.org\",\"@graph\":[{\"@type\":\"Organization\",\"@id\":\"https:\/\/nordestealarme.pt\/#organization\",\"name\":\"Nordeste Alarme - Servi\\u00e7os de Tecnologia de Seguran\\u00e7a, Lda\",\"url\":\"https:\/\/nordestealarme.pt\/\",\"sameAs\":[\"https:\/\/www.facebook.com\/Nordeste-Alarme-346666698692284\/?fref=ts\"],\"logo\":{\"@type\":\"ImageObject\",\"@id\":\"https:\/\/nordestealarme.pt\/#logo\",\"inLanguage\":\"pt-PT\",\"url\":\"https:\/\/nordestealarme.pt\/wp-content\/uploads\/2017\/02\/logonomargin.png\",\"contentUrl\":\"https:\/\/nordestealarme.pt\/wp-content\/uploads\/2017\/02\/logonomargin.png\",\"width\":206,\"height\":49,\"caption\":\"Nordeste Alarme - Servi\\u00e7os de Tecnologia de Seguran\\u00e7a, Lda\"},\"image\":{\"@id\":\"https:\/\/nordestealarme.pt\/#logo\"}},{\"@type\":\"WebSite\",\"@id\":\"https:\/\/nordestealarme.pt\/#website\",\"url\":\"https:\/\/nordestealarme.pt\/\",\"name\":\"NordesteAlarme\",\"description\":\"Servi\\u00e7os de Tecnologia e Seguran\\u00e7a\",\"publisher\":{\"@id\":\"https:\/\/nordestealarme.pt\/#organization\"},\"potentialAction\":[{\"@type\":\"SearchAction\",\"target\":{\"@type\":\"EntryPoint\",\"urlTemplate\":\"https:\/\/nordestealarme.pt\/?s={search_term_string}\"},\"query-input\":\"required name=search_term_string\"}],\"inLanguage\":\"pt-PT\"},{\"@type\":\"WebPage\",\"@id\":\"https:\/\/nordestealarme.pt\/?page_id=1555#webpage\",\"url\":\"https:\/\/nordestealarme.pt\/?page_id=1555\",\"name\":\"Gases - NordesteAlarme\",\"isPartOf\":{\"@id\":\"https:\/\/nordestealarme.pt\/#website\"},\"datePublished\":\"2017-02-13T13:33:55+00:00\",\"dateModified\":\"2017-03-20T00:21:03+00:00\",\"breadcrumb\":{\"@id\":\"https:\/\/nordestealarme.pt\/?page_id=1555#breadcrumb\"},\"inLanguage\":\"pt-PT\",\"potentialAction\":[{\"@type\":\"ReadAction\",\"target\":[\"https:\/\/nordestealarme.pt\/?page_id=1555\"]}]},{\"@type\":\"BreadcrumbList\",\"@id\":\"https:\/\/nordestealarme.pt\/?page_id=1555#breadcrumb\",\"itemListElement\":[{\"@type\":\"ListItem\",\"position\":1,\"name\":\"In\\u00edcio\",\"item\":\"https:\/\/nordestealarme.pt\/\"},{\"@type\":\"ListItem\",\"position\":2,\"name\":\"Servi\\u00e7os\",\"item\":\"https:\/\/nordestealarme.pt\/?page_id=198\"},{\"@type\":\"ListItem\",\"position\":3,\"name\":\"Gases\"}]}]}<\/script>\n<!-- \/ Yoast SEO plugin. -->","yoast_head_json":{"robots":{"index":"index","follow":"follow","max-snippet":"max-snippet:-1","max-image-preview":"max-image-preview:large","max-video-preview":"max-video-preview:-1"},"canonical":"https:\/\/nordestealarme.pt\/?page_id=1555","og_locale":"pt_PT","og_type":"article","og_title":"Gases - NordesteAlarme","og_url":"https:\/\/nordestealarme.pt\/?page_id=1555","og_site_name":"NordesteAlarme","article_publisher":"https:\/\/www.facebook.com\/Nordeste-Alarme-346666698692284\/?fref=ts","article_modified_time":"2017-03-20T00:21:03+00:00","twitter_card":"summary","twitter_misc":{"Tempo estimado de leitura":"1 minuto"},"schema":{"@context":"https:\/\/schema.org","@graph":[{"@type":"Organization","@id":"https:\/\/nordestealarme.pt\/#organization","name":"Nordeste Alarme - Servi\u00e7os de Tecnologia de Seguran\u00e7a, Lda","url":"https:\/\/nordestealarme.pt\/","sameAs":["https:\/\/www.facebook.com\/Nordeste-Alarme-346666698692284\/?fref=ts"],"logo":{"@type":"ImageObject","@id":"https:\/\/nordestealarme.pt\/#logo","inLanguage":"pt-PT","url":"https:\/\/nordestealarme.pt\/wp-content\/uploads\/2017\/02\/logonomargin.png","contentUrl":"https:\/\/nordestealarme.pt\/wp-content\/uploads\/2017\/02\/logonomargin.png","width":206,"height":49,"caption":"Nordeste Alarme - Servi\u00e7os de Tecnologia de Seguran\u00e7a, Lda"},"image":{"@id":"https:\/\/nordestealarme.pt\/#logo"}},{"@type":"WebSite","@id":"https:\/\/nordestealarme.pt\/#website","url":"https:\/\/nordestealarme.pt\/","name":"NordesteAlarme","description":"Servi\u00e7os de Tecnologia e Seguran\u00e7a","publisher":{"@id":"https:\/\/nordestealarme.pt\/#organization"},"potentialAction":[{"@type":"SearchAction","target":{"@type":"EntryPoint","urlTemplate":"https:\/\/nordestealarme.pt\/?s={search_term_string}"},"query-input":"required name=search_term_string"}],"inLanguage":"pt-PT"},{"@type":"WebPage","@id":"https:\/\/nordestealarme.pt\/?page_id=1555#webpage","url":"https:\/\/nordestealarme.pt\/?page_id=1555","name":"Gases - NordesteAlarme","isPartOf":{"@id":"https:\/\/nordestealarme.pt\/#website"},"datePublished":"2017-02-13T13:33:55+00:00","dateModified":"2017-03-20T00:21:03+00:00","breadcrumb":{"@id":"https:\/\/nordestealarme.pt\/?page_id=1555#breadcrumb"},"inLanguage":"pt-PT","potentialAction":[{"@type":"ReadAction","target":["https:\/\/nordestealarme.pt\/?page_id=1555"]}]},{"@type":"BreadcrumbList","@id":"https:\/\/nordestealarme.pt\/?page_id=1555#breadcrumb","itemListElement":[{"@type":"ListItem","position":1,"name":"In\u00edcio","item":"https:\/\/nordestealarme.pt\/"},{"@type":"ListItem","position":2,"name":"Servi\u00e7os","item":"https:\/\/nordestealarme.pt\/?page_id=198"},{"@type":"ListItem","position":3,"name":"Gases"}]}]}},"_links":{"self":[{"href":"http:\/\/nordestealarme.pt\/index.php?rest_route=\/wp\/v2\/pages\/1555"}],"collection":[{"href":"http:\/\/nordestealarme.pt\/index.php?rest_route=\/wp\/v2\/pages"}],"about":[{"href":"http:\/\/nordestealarme.pt\/index.php?rest_route=\/wp\/v2\/types\/page"}],"author":[{"embeddable":true,"href":"http:\/\/nordestealarme.pt\/index.php?rest_route=\/wp\/v2\/users\/1"}],"replies":[{"embeddable":true,"href":"http:\/\/nordestealarme.pt\/index.php?rest_route=%2Fwp%2Fv2%2Fcomments&post=1555"}],"version-history":[{"count":5,"href":"http:\/\/nordestealarme.pt\/index.php?rest_route=\/wp\/v2\/pages\/1555\/revisions"}],"predecessor-version":[{"id":2286,"href":"http:\/\/nordestealarme.pt\/index.php?rest_route=\/wp\/v2\/pages\/1555\/revisions\/2286"}],"up":[{"embeddable":true,"href":"http:\/\/nordestealarme.pt\/index.php?rest_route=\/wp\/v2\/pages\/198"}],"wp:attachment":[{"href":"http:\/\/nordestealarme.pt\/index.php?rest_route=%2Fwp%2Fv2%2Fmedia&parent=1555"}],"curies":[{"name":"wp","href":"https:\/\/api.w.org\/{rel}","templated":true}]}}